{"id":4400,"date":"2021-10-12T15:51:09","date_gmt":"2021-10-12T15:51:09","guid":{"rendered":"http:\/\/dummy.xtemos.com\/woodmart2\/elementor\/?page_id=4400"},"modified":"2026-04-01T12:25:09","modified_gmt":"2026-04-01T10:25:09","slug":"o-nas","status":"publish","type":"page","link":"https:\/\/melifam.sk\/index.php\/o-nas\/","title":{"rendered":"O n\u00e1s"},"content":{"rendered":"\t\t<div data-elementor-type=\"wp-page\" data-elementor-id=\"4400\" class=\"elementor elementor-4400\">\n\t\t\t\t\t\t<section class=\"elementor-section elementor-top-section elementor-element elementor-element-3c548bca elementor-reverse-tablet elementor-reverse-mobile elementor-section-boxed elementor-section-height-default elementor-section-height-default wd-section-disabled\" data-id=\"3c548bca\" data-element_type=\"section\" data-e-type=\"section\">\n\t\t\t\t\t\t<div class=\"elementor-container elementor-column-gap-default\">\n\t\t\t\t\t<div class=\"elementor-column elementor-col-50 elementor-top-column elementor-element elementor-element-1d354ed7\" data-id=\"1d354ed7\" data-element_type=\"column\" data-e-type=\"column\">\n\t\t\t<div class=\"elementor-widget-wrap elementor-element-populated\">\n\t\t\t\t\t\t<div class=\"elementor-element elementor-element-3b8f1c6 elementor-widget elementor-widget-wd_image_or_svg\" data-id=\"3b8f1c6\" data-element_type=\"widget\" data-e-type=\"widget\" data-widget_type=\"wd_image_or_svg.default\">\n\t\t\t\t<div class=\"elementor-widget-container\">\n\t\t\t\t\t\n\t\t<div class=\"wd-image text-left\">\n\t\t\t\t\t\t\t\t<img fetchpriority=\"high\" decoding=\"async\" width=\"580\" height=\"580\" src=\"https:\/\/melifam.sk\/wp-content\/uploads\/2021\/10\/about-us-3-image-1.jpg\" class=\"attachment-full size-full wp-image-4408\" alt=\"\" srcset=\"https:\/\/melifam.sk\/wp-content\/uploads\/2021\/10\/about-us-3-image-1.jpg 580w, https:\/\/melifam.sk\/wp-content\/uploads\/2021\/10\/about-us-3-image-1-430x430.jpg 430w, https:\/\/melifam.sk\/wp-content\/uploads\/2021\/10\/about-us-3-image-1-150x150.jpg 150w\" sizes=\"(max-width: 580px) 100vw, 580px\" \/>\t\t\t\t\t<\/div>\n\n\t\t\t\t\t\t<\/div>\n\t\t\t\t<\/div>\n\t\t\t\t\t<\/div>\n\t\t<\/div>\n\t\t\t\t<div class=\"elementor-column elementor-col-50 elementor-top-column elementor-element elementor-element-7a9daa7\" data-id=\"7a9daa7\" data-element_type=\"column\" data-e-type=\"column\">\n\t\t\t<div class=\"elementor-widget-wrap elementor-element-populated\">\n\t\t\t\t\t\t<div class=\"elementor-element elementor-element-18566191 elementor-widget elementor-widget-wd_title\" data-id=\"18566191\" data-element_type=\"widget\" data-e-type=\"widget\" data-widget_type=\"wd_title.default\">\n\t\t\t\t<div class=\"elementor-widget-container\">\n\t\t\t\t\t\t\t<div class=\"title-wrapper set-mb-s reset-last-child wd-title-color-primary wd-title-style-default wd-title-size-large text-left\">\n\n\t\t\t\n\t\t\t<div class=\"liner-continer\">\n\t\t\t\t<h4 class=\"woodmart-title-container title wd-fontsize-xxl\">O n\u00e1s<\/h4> \n\t\t\t\t\t\t\t<\/div>\n\n\t\t\t\t\t\t\t<div class=\"title-after_title set-cont-mb-s reset-last-child wd-fontsize-s\">\n\t\t\t\t\t<p><em>Risus suspendisse a orci penatibus a felis suscipit consectetur vestibulum sodales dui cum ultricies lacus interdum.<\/em><\/p>\t\t\t\t<\/div>\n\t\t\t\t\t<\/div>\n\t\t\t\t\t\t<\/div>\n\t\t\t\t<\/div>\n\t\t\t\t<div class=\"elementor-element elementor-element-cf34ae6 elementor-widget elementor-widget-wd_text_block\" data-id=\"cf34ae6\" data-element_type=\"widget\" data-e-type=\"widget\" data-widget_type=\"wd_text_block.default\">\n\t\t\t\t<div class=\"elementor-widget-container\">\n\t\t\t\t\t\t\t<div class=\"wd-text-block reset-last-child text-left\">\n\t\t\t\n\t\t\t<p>Za zna\u010dkou Melifam stoj\u00ed pr\u00edbeh jednej rodiny a nen\u00e1padn\u00e9ho za\u010diatku.<\/p><p>V\u0161etko sa za\u010dalo v momente, ke\u010f bolo potrebn\u00e9 postara\u0165 sa o v\u010dely, ktor\u00e9 zostali po chorom str\u00fdkovi. Nebol za t\u00fdm pl\u00e1n ani ve\u013ek\u00e9 amb\u00edcie \u2013 len snaha pom\u00f4c\u0165 a nenecha\u0165 nie\u010do vz\u00e1cne zanikn\u00fa\u0165.<\/p><p>Postupne sa z tejto starostlivosti stalo \u010dosi viac. V\u010dely si n\u00e1s z\u00edskali. To, \u010do za\u010dalo ako povinnos\u0165, prer\u00e1stlo do v\u00e1\u0161ne, ktor\u00e1 dnes tvor\u00ed s\u00fa\u010das\u0165 n\u00e1\u0161ho ka\u017edodenn\u00e9ho \u017eivota. Dnes sa star\u00e1me o nieko\u013eko v\u010del\u00edch rod\u00edn a ka\u017ed\u00e1 z nich je pre n\u00e1s mal\u00fdm svetom.<\/p><p>Popri mede a v\u010del\u00edch produktoch vznikla aj t\u00fa\u017eba zdie\u013ea\u0165 tento pokoj a jedine\u010dn\u00fa energiu s ostatn\u00fdmi. Tak vznikol Apidom\u010dek \u2013 miesto, kde sa m\u00f4\u017eete na chv\u00ed\u013eu zastavi\u0165, nad\u00fdchnu\u0165 a poc\u00edti\u0165 svet v\u010diel tak, ako ho pozn\u00e1me my.<\/p>\n\t\t\t\t\t<\/div>\n\t\t\t\t\t\t<\/div>\n\t\t\t\t<\/div>\n\t\t\t\t<section class=\"elementor-section elementor-inner-section elementor-element elementor-element-6c441740 elementor-section-boxed elementor-section-height-default elementor-section-height-default wd-section-disabled\" data-id=\"6c441740\" data-element_type=\"section\" data-e-type=\"section\">\n\t\t\t\t\t\t<div class=\"elementor-container elementor-column-gap-default\">\n\t\t\t\t\t<div class=\"elementor-column elementor-col-100 elementor-inner-column elementor-element elementor-element-2340cadd\" data-id=\"2340cadd\" data-element_type=\"column\" data-e-type=\"column\">\n\t\t\t<div class=\"elementor-widget-wrap elementor-element-populated\">\n\t\t\t\t\t\t<div class=\"elementor-element elementor-element-bd4094d elementor-widget__width-auto elementor-widget elementor-widget-wd_text_block\" data-id=\"bd4094d\" data-element_type=\"widget\" data-e-type=\"widget\" data-widget_type=\"wd_text_block.default\">\n\t\t\t\t<div class=\"elementor-widget-container\">\n\t\t\t\t\t\t\t<div class=\"wd-text-block reset-last-child text-left\">\n\t\t\t\n\t\t\t<p><strong><em>V\u010dely n\u00e1s nau\u010dili spomali\u0165, vn\u00edma\u0165 pr\u00edrodu a v\u00e1\u017ei\u0165 si mal\u00e9 veci <br \/>\u2013 a pr\u00e1ve tento pocit chceme odovzda\u0165 aj v\u00e1m.<\/em><\/strong><\/p>\n\t\t\t\t\t<\/div>\n\t\t\t\t\t\t<\/div>\n\t\t\t\t<\/div>\n\t\t\t\t<div class=\"elementor-element elementor-element-5292d768 elementor-widget__width-auto elementor-hidden-phone elementor-widget elementor-widget-wd_social_buttons\" data-id=\"5292d768\" data-element_type=\"widget\" data-e-type=\"widget\" data-widget_type=\"wd_social_buttons.default\">\n\t\t\t\t<div class=\"elementor-widget-container\">\n\t\t\t\t\t\n\t\t\t<div class=\"wd-social-icons text-left icons-design-colored-alt icons-size-small color-scheme-dark social-share social-form-circle\">\n\t\t\t\t\t\t\t\t\t<a rel=\"noopener noreferrer nofollow\" href=\"https:\/\/www.facebook.com\/sharer\/sharer.php?u=https:\/\/melifam.sk\/index.php\/o-nas\/\" target=\"_blank\" class=\" wd-social-icon social-facebook\" aria-label=\"Facebook social link\">\n\t\t\t\t\t\t<span class=\"wd-icon\"><\/span>\n\t\t\t\t\t\t\t\t\t\t\t<\/a>\n\t\t\t\t\n\t\t\t\t\t\t\t\t\t<a rel=\"noopener noreferrer nofollow\" href=\"https:\/\/twitter.com\/share?url=https:\/\/melifam.sk\/index.php\/o-nas\/\" target=\"_blank\" class=\" wd-social-icon social-twitter\" aria-label=\"Twitter social link\">\n\t\t\t\t\t\t<span class=\"wd-icon\"><\/span>\n\t\t\t\t\t\t\t\t\t\t\t<\/a>\n\t\t\t\t\n\t\t\t\t\n\t\t\t\t\n\t\t\t\t\n\t\t\t\t\t\t\t\t\t<a rel=\"noopener noreferrer nofollow\" href=\"https:\/\/pinterest.com\/pin\/create\/button\/?url=https:\/\/melifam.sk\/index.php\/o-nas\/&media=https:\/\/melifam.sk\/wp-includes\/images\/media\/default.svg&description=O+n%C3%A1s\" target=\"_blank\" class=\" wd-social-icon social-pinterest\" aria-label=\"Pinterest social link\">\n\t\t\t\t\t\t<span class=\"wd-icon\"><\/span>\n\t\t\t\t\t\t\t\t\t\t\t<\/a>\n\t\t\t\t\n\t\t\t\t\n\t\t\t\t\t\t\t\t\t<a rel=\"noopener noreferrer nofollow\" href=\"https:\/\/www.linkedin.com\/shareArticle?mini=true&url=https:\/\/melifam.sk\/index.php\/o-nas\/\" target=\"_blank\" class=\" wd-social-icon social-linkedin\" aria-label=\"Linkedin social link\">\n\t\t\t\t\t\t<span class=\"wd-icon\"><\/span>\n\t\t\t\t\t\t\t\t\t\t\t<\/a>\n\t\t\t\t\n\t\t\t\t\n\t\t\t\t\n\t\t\t\t\n\t\t\t\t\n\t\t\t\t\n\t\t\t\t\n\t\t\t\t\n\t\t\t\t\n\t\t\t\t\n\t\t\t\t\t\t\t\t\n\t\t\t\t\t\t\t\t\n\t\t\t\t\n\t\t\t\t\t\t\t\t\t<a rel=\"noopener noreferrer nofollow\" href=\"https:\/\/telegram.me\/share\/url?url=https:\/\/melifam.sk\/index.php\/o-nas\/\" target=\"_blank\" class=\" wd-social-icon social-tg\" aria-label=\"Telegram social link\">\n\t\t\t\t\t\t<span class=\"wd-icon\"><\/span>\n\t\t\t\t\t\t\t\t\t\t\t<\/a>\n\t\t\t\t\t\t\t\t\n\t\t\t\t\n\t\t\t<\/div>\n\n\t\t\t\t\t\t<\/div>\n\t\t\t\t<\/div>\n\t\t\t\t\t<\/div>\n\t\t<\/div>\n\t\t\t\t\t<\/div>\n\t\t<\/section>\n\t\t\t\t\t<\/div>\n\t\t<\/div>\n\t\t\t\t\t<\/div>\n\t\t<\/section>\n\t\t\t\t<section class=\"elementor-section elementor-top-section elementor-element elementor-element-52ee36d elementor-section-boxed elementor-section-height-default elementor-section-height-default wd-section-disabled\" data-id=\"52ee36d\" data-element_type=\"section\" data-e-type=\"section\">\n\t\t\t\t\t\t<div class=\"elementor-container elementor-column-gap-default\">\n\t\t\t\t\t<div class=\"elementor-column elementor-col-100 elementor-top-column elementor-element elementor-element-6a9942c2\" data-id=\"6a9942c2\" data-element_type=\"column\" data-e-type=\"column\">\n\t\t\t<div class=\"elementor-widget-wrap elementor-element-populated\">\n\t\t\t\t\t\t<div class=\"elementor-element elementor-element-75d7772b elementor-widget elementor-widget-wd_title\" data-id=\"75d7772b\" data-element_type=\"widget\" data-e-type=\"widget\" data-widget_type=\"wd_title.default\">\n\t\t\t\t<div class=\"elementor-widget-container\">\n\t\t\t\t\t\t\t<div class=\"title-wrapper set-mb-s reset-last-child wd-title-color-primary wd-title-style-default wd-title-size-large text-center\">\n\n\t\t\t\t\t\t\t<div class=\"title-subtitle subtitle-color-primary subtitle-style-default wd-fontsize-xs\">\n\t\t\t\t\tWORDS ABOUT US\t\t\t\t<\/div>\n\t\t\t\n\t\t\t<div class=\"liner-continer\">\n\t\t\t\t<h4 class=\"woodmart-title-container title wd-fontsize-xxl\">Kto sa u n\u00e1s star\u00e1 o v\u010delie rodiny a o n\u00e1v\u0161tevn\u00edkov?<\/h4> \n\t\t\t\t\t\t\t<\/div>\n\n\t\t\t\t\t\t\t<div class=\"title-after_title set-cont-mb-s reset-last-child wd-fontsize-s\">\n\t\t\t\t\t<p>Convallis ullamcorper aliquet ultrices orci cum vestibulum lobortis erat.<\/p>\t\t\t\t<\/div>\n\t\t\t\t\t<\/div>\n\t\t\t\t\t\t<\/div>\n\t\t\t\t<\/div>\n\t\t\t\t\t<\/div>\n\t\t<\/div>\n\t\t\t\t\t<\/div>\n\t\t<\/section>\n\t\t\t\t<section class=\"elementor-section elementor-top-section elementor-element elementor-element-83b510d elementor-section-boxed elementor-section-height-default elementor-section-height-default wd-section-disabled\" data-id=\"83b510d\" data-element_type=\"section\" data-e-type=\"section\">\n\t\t\t\t\t\t<div class=\"elementor-container elementor-column-gap-extended\">\n\t\t\t\t\t<div class=\"elementor-column elementor-col-25 elementor-top-column elementor-element elementor-element-7e1fc6fc\" data-id=\"7e1fc6fc\" data-element_type=\"column\" data-e-type=\"column\">\n\t\t\t<div class=\"elementor-widget-wrap elementor-element-populated\">\n\t\t\t\t\t\t<div class=\"elementor-element elementor-element-cad158e elementor-widget elementor-widget-wd_team_member\" data-id=\"cad158e\" data-element_type=\"widget\" data-e-type=\"widget\" data-widget_type=\"wd_team_member.default\">\n\t\t\t\t<div class=\"elementor-widget-container\">\n\t\t\t\t\t\t\t<div class=\"team-member member-layout-default text-center\">\n\t\t\t\t\t\t\t<div class=\"member-image-wrapper\">\n\t\t\t\t\t<div class=\"member-image\">\n\t\t\t\t\t\t<img decoding=\"async\" width=\"400\" height=\"643\" src=\"https:\/\/melifam.sk\/wp-content\/uploads\/2021\/10\/about-us-3-team-member-1.jpg\" class=\"attachment-full size-full wp-image-4416\" alt=\"\" srcset=\"https:\/\/melifam.sk\/wp-content\/uploads\/2021\/10\/about-us-3-team-member-1.jpg 400w, https:\/\/melifam.sk\/wp-content\/uploads\/2021\/10\/about-us-3-team-member-1-150x241.jpg 150w\" sizes=\"(max-width: 400px) 100vw, 400px\" \/>\t\t\t\t\t<\/div>\n\t\t\t\t<\/div>\n\t\t\t\n\t\t\t<div class=\"member-details\">\n\t\t\t\t\t\t\t\t\t<h4 class=\"member-name\">\n\t\t\t\t\t\tMark Jance\t\t\t\t\t<\/h4>\n\t\t\t\t\n\t\t\t\t\t\t\t\t\t<span class=\"member-position\">\n\t\t\t\t\t\tCEO \/ FOUNDER\t\t\t\t\t<\/span>\n\t\t\t\t\n\t\t\t\t\n\t\t\t\t\t\t\t\t\t<div class=\"member-social\">\n\t\t\t\t\t\t<div class=\"wd-social-icons  icons-design-colored icons-size-small social-form-circle\">\n\t\t\t\t\t\t\t\t\t\t\t\t\t\t\t<a rel=\"noopener noreferrer nofollow\" class=\"wd-social-icon social-facebook\" href=\"#\">\n\t\t\t\t\t\t\t\t\t<span class=\"wd-icon\"><\/span>\n\t\t\t\t\t\t\t\t<\/a>\n\t\t\t\t\t\t\t\t\t\t\t\t\t\t\n\t\t\t\t\t\t\t\t\t\t\t\t\t\t\t<a rel=\"noopener noreferrer nofollow\" class=\"wd-social-icon social-twitter\" href=\"#\">\n\t\t\t\t\t\t\t\t\t<span class=\"wd-icon\"><\/span>\n\t\t\t\t\t\t\t\t<\/a>\n\t\t\t\t\t\t\t\t\t\t\t\t\t\t\n\t\t\t\t\t\t\t\t\t\t\t\t\t\t\t<a rel=\"noopener noreferrer nofollow\" class=\"wd-social-icon social-linkedin\" href=\"#\">\n\t\t\t\t\t\t\t\t\t<span class=\"wd-icon\"><\/span>\n\t\t\t\t\t\t\t\t<\/a>\n\t\t\t\t\t\t\t\t\t\t\t\t\t\t\n\t\t\t\t\t\t\t\t\t\t\t\t\t\t\n\t\t\t\t\t\t\t\t\t\t\t\t\t\t\t<a rel=\"noopener noreferrer nofollow\" class=\"wd-social-icon social-instagram\" href=\"#\">\n\t\t\t\t\t\t\t\t\t<span class=\"wd-icon\"><\/span>\n\t\t\t\t\t\t\t\t<\/a>\n\t\t\t\t\t\t\t\t\t\t\t\t\t<\/div>\n\t\t\t\t\t<\/div>\n\t\t\t\t\t\t\t<\/div>\n\t\t<\/div>\n\t\t\t\t\t\t<\/div>\n\t\t\t\t<\/div>\n\t\t\t\t\t<\/div>\n\t\t<\/div>\n\t\t\t\t<div class=\"elementor-column elementor-col-25 elementor-top-column elementor-element elementor-element-7f387d5c\" data-id=\"7f387d5c\" data-element_type=\"column\" data-e-type=\"column\">\n\t\t\t<div class=\"elementor-widget-wrap elementor-element-populated\">\n\t\t\t\t\t\t<div class=\"elementor-element elementor-element-517b207a elementor-widget elementor-widget-wd_team_member\" data-id=\"517b207a\" data-element_type=\"widget\" data-e-type=\"widget\" data-widget_type=\"wd_team_member.default\">\n\t\t\t\t<div class=\"elementor-widget-container\">\n\t\t\t\t\t\t\t<div class=\"team-member member-layout-default text-center\">\n\t\t\t\t\t\t\t<div class=\"member-image-wrapper\">\n\t\t\t\t\t<div class=\"member-image\">\n\t\t\t\t\t\t<img decoding=\"async\" width=\"400\" height=\"643\" src=\"https:\/\/melifam.sk\/wp-content\/uploads\/2021\/10\/about-us-3-team-member-2.jpg\" class=\"attachment-full size-full wp-image-4417\" alt=\"\" srcset=\"https:\/\/melifam.sk\/wp-content\/uploads\/2021\/10\/about-us-3-team-member-2.jpg 400w, https:\/\/melifam.sk\/wp-content\/uploads\/2021\/10\/about-us-3-team-member-2-150x241.jpg 150w\" sizes=\"(max-width: 400px) 100vw, 400px\" \/>\t\t\t\t\t<\/div>\n\t\t\t\t<\/div>\n\t\t\t\n\t\t\t<div class=\"member-details\">\n\t\t\t\t\t\t\t\t\t<h4 class=\"member-name\">\n\t\t\t\t\t\tAviana Plummer\t\t\t\t\t<\/h4>\n\t\t\t\t\n\t\t\t\t\t\t\t\t\t<span class=\"member-position\">\n\t\t\t\t\t\tCEO \/ FOUNDER\t\t\t\t\t<\/span>\n\t\t\t\t\n\t\t\t\t\n\t\t\t\t\t\t\t\t\t<div class=\"member-social\">\n\t\t\t\t\t\t<div class=\"wd-social-icons  icons-design-colored icons-size-small social-form-circle\">\n\t\t\t\t\t\t\t\t\t\t\t\t\t\t\t<a rel=\"noopener noreferrer nofollow\" class=\"wd-social-icon social-facebook\" href=\"#\">\n\t\t\t\t\t\t\t\t\t<span class=\"wd-icon\"><\/span>\n\t\t\t\t\t\t\t\t<\/a>\n\t\t\t\t\t\t\t\t\t\t\t\t\t\t\n\t\t\t\t\t\t\t\t\t\t\t\t\t\t\t<a rel=\"noopener noreferrer nofollow\" class=\"wd-social-icon social-twitter\" href=\"#\">\n\t\t\t\t\t\t\t\t\t<span class=\"wd-icon\"><\/span>\n\t\t\t\t\t\t\t\t<\/a>\n\t\t\t\t\t\t\t\t\t\t\t\t\t\t\n\t\t\t\t\t\t\t\t\t\t\t\t\t\t\t<a rel=\"noopener noreferrer nofollow\" class=\"wd-social-icon social-linkedin\" href=\"#\">\n\t\t\t\t\t\t\t\t\t<span class=\"wd-icon\"><\/span>\n\t\t\t\t\t\t\t\t<\/a>\n\t\t\t\t\t\t\t\t\t\t\t\t\t\t\n\t\t\t\t\t\t\t\t\t\t\t\t\t\t\n\t\t\t\t\t\t\t\t\t\t\t\t\t\t\t<a rel=\"noopener noreferrer nofollow\" class=\"wd-social-icon social-instagram\" href=\"#\">\n\t\t\t\t\t\t\t\t\t<span class=\"wd-icon\"><\/span>\n\t\t\t\t\t\t\t\t<\/a>\n\t\t\t\t\t\t\t\t\t\t\t\t\t<\/div>\n\t\t\t\t\t<\/div>\n\t\t\t\t\t\t\t<\/div>\n\t\t<\/div>\n\t\t\t\t\t\t<\/div>\n\t\t\t\t<\/div>\n\t\t\t\t\t<\/div>\n\t\t<\/div>\n\t\t\t\t<div class=\"elementor-column elementor-col-25 elementor-top-column elementor-element elementor-element-23745794\" data-id=\"23745794\" data-element_type=\"column\" data-e-type=\"column\">\n\t\t\t<div class=\"elementor-widget-wrap elementor-element-populated\">\n\t\t\t\t\t\t<div class=\"elementor-element elementor-element-1f3bd4d2 elementor-widget elementor-widget-wd_team_member\" data-id=\"1f3bd4d2\" data-element_type=\"widget\" data-e-type=\"widget\" data-widget_type=\"wd_team_member.default\">\n\t\t\t\t<div class=\"elementor-widget-container\">\n\t\t\t\t\t\t\t<div class=\"team-member member-layout-default text-center\">\n\t\t\t\t\t\t\t<div class=\"member-image-wrapper\">\n\t\t\t\t\t<div class=\"member-image\">\n\t\t\t\t\t\t<img loading=\"lazy\" decoding=\"async\" width=\"400\" height=\"643\" src=\"https:\/\/melifam.sk\/wp-content\/uploads\/2021\/10\/about-us-3-team-member-3.jpg\" class=\"attachment-full size-full wp-image-4418\" alt=\"\" srcset=\"https:\/\/melifam.sk\/wp-content\/uploads\/2021\/10\/about-us-3-team-member-3.jpg 400w, https:\/\/melifam.sk\/wp-content\/uploads\/2021\/10\/about-us-3-team-member-3-150x241.jpg 150w\" sizes=\"(max-width: 400px) 100vw, 400px\" \/>\t\t\t\t\t<\/div>\n\t\t\t\t<\/div>\n\t\t\t\n\t\t\t<div class=\"member-details\">\n\t\t\t\t\t\t\t\t\t<h4 class=\"member-name\">\n\t\t\t\t\t\tBraydon Wilkerson\t\t\t\t\t<\/h4>\n\t\t\t\t\n\t\t\t\t\t\t\t\t\t<span class=\"member-position\">\n\t\t\t\t\t\tCEO \/ FOUNDER\t\t\t\t\t<\/span>\n\t\t\t\t\n\t\t\t\t\n\t\t\t\t\t\t\t\t\t<div class=\"member-social\">\n\t\t\t\t\t\t<div class=\"wd-social-icons  icons-design-colored icons-size-small social-form-circle\">\n\t\t\t\t\t\t\t\t\t\t\t\t\t\t\t<a rel=\"noopener noreferrer nofollow\" class=\"wd-social-icon social-facebook\" href=\"#\">\n\t\t\t\t\t\t\t\t\t<span class=\"wd-icon\"><\/span>\n\t\t\t\t\t\t\t\t<\/a>\n\t\t\t\t\t\t\t\t\t\t\t\t\t\t\n\t\t\t\t\t\t\t\t\t\t\t\t\t\t\t<a rel=\"noopener noreferrer nofollow\" class=\"wd-social-icon social-twitter\" href=\"#\">\n\t\t\t\t\t\t\t\t\t<span class=\"wd-icon\"><\/span>\n\t\t\t\t\t\t\t\t<\/a>\n\t\t\t\t\t\t\t\t\t\t\t\t\t\t\n\t\t\t\t\t\t\t\t\t\t\t\t\t\t\t<a rel=\"noopener noreferrer nofollow\" class=\"wd-social-icon social-linkedin\" href=\"#\">\n\t\t\t\t\t\t\t\t\t<span class=\"wd-icon\"><\/span>\n\t\t\t\t\t\t\t\t<\/a>\n\t\t\t\t\t\t\t\t\t\t\t\t\t\t\n\t\t\t\t\t\t\t\t\t\t\t\t\t\t\n\t\t\t\t\t\t\t\t\t\t\t\t\t\t\t<a rel=\"noopener noreferrer nofollow\" class=\"wd-social-icon social-instagram\" href=\"#\">\n\t\t\t\t\t\t\t\t\t<span class=\"wd-icon\"><\/span>\n\t\t\t\t\t\t\t\t<\/a>\n\t\t\t\t\t\t\t\t\t\t\t\t\t<\/div>\n\t\t\t\t\t<\/div>\n\t\t\t\t\t\t\t<\/div>\n\t\t<\/div>\n\t\t\t\t\t\t<\/div>\n\t\t\t\t<\/div>\n\t\t\t\t\t<\/div>\n\t\t<\/div>\n\t\t\t\t<div class=\"elementor-column elementor-col-25 elementor-top-column elementor-element elementor-element-533d0ceb\" data-id=\"533d0ceb\" data-element_type=\"column\" data-e-type=\"column\">\n\t\t\t<div class=\"elementor-widget-wrap elementor-element-populated\">\n\t\t\t\t\t\t<div class=\"elementor-element elementor-element-25be736 elementor-widget elementor-widget-wd_team_member\" data-id=\"25be736\" data-element_type=\"widget\" data-e-type=\"widget\" data-widget_type=\"wd_team_member.default\">\n\t\t\t\t<div class=\"elementor-widget-container\">\n\t\t\t\t\t\t\t<div class=\"team-member member-layout-default text-center\">\n\t\t\t\t\t\t\t<div class=\"member-image-wrapper\">\n\t\t\t\t\t<div class=\"member-image\">\n\t\t\t\t\t\t<img loading=\"lazy\" decoding=\"async\" width=\"400\" height=\"643\" src=\"https:\/\/melifam.sk\/wp-content\/uploads\/2021\/10\/about-us-3-team-member-4.jpg\" class=\"attachment-full size-full wp-image-4419\" alt=\"\" srcset=\"https:\/\/melifam.sk\/wp-content\/uploads\/2021\/10\/about-us-3-team-member-4.jpg 400w, https:\/\/melifam.sk\/wp-content\/uploads\/2021\/10\/about-us-3-team-member-4-150x241.jpg 150w\" sizes=\"(max-width: 400px) 100vw, 400px\" \/>\t\t\t\t\t<\/div>\n\t\t\t\t<\/div>\n\t\t\t\n\t\t\t<div class=\"member-details\">\n\t\t\t\t\t\t\t\t\t<h4 class=\"member-name\">\n\t\t\t\t\t\tKristin Watson\t\t\t\t\t<\/h4>\n\t\t\t\t\n\t\t\t\t\t\t\t\t\t<span class=\"member-position\">\n\t\t\t\t\t\tCEO \/ FOUNDER\t\t\t\t\t<\/span>\n\t\t\t\t\n\t\t\t\t\n\t\t\t\t\t\t\t\t\t<div class=\"member-social\">\n\t\t\t\t\t\t<div class=\"wd-social-icons  icons-design-colored icons-size-small social-form-circle\">\n\t\t\t\t\t\t\t\t\t\t\t\t\t\t\t<a rel=\"noopener noreferrer nofollow\" class=\"wd-social-icon social-facebook\" href=\"#\">\n\t\t\t\t\t\t\t\t\t<span class=\"wd-icon\"><\/span>\n\t\t\t\t\t\t\t\t<\/a>\n\t\t\t\t\t\t\t\t\t\t\t\t\t\t\n\t\t\t\t\t\t\t\t\t\t\t\t\t\t\t<a rel=\"noopener noreferrer nofollow\" class=\"wd-social-icon social-twitter\" href=\"#\">\n\t\t\t\t\t\t\t\t\t<span class=\"wd-icon\"><\/span>\n\t\t\t\t\t\t\t\t<\/a>\n\t\t\t\t\t\t\t\t\t\t\t\t\t\t\n\t\t\t\t\t\t\t\t\t\t\t\t\t\t\t<a rel=\"noopener noreferrer nofollow\" class=\"wd-social-icon social-linkedin\" href=\"#\">\n\t\t\t\t\t\t\t\t\t<span class=\"wd-icon\"><\/span>\n\t\t\t\t\t\t\t\t<\/a>\n\t\t\t\t\t\t\t\t\t\t\t\t\t\t\n\t\t\t\t\t\t\t\t\t\t\t\t\t\t\n\t\t\t\t\t\t\t\t\t\t\t\t\t\t\t<a rel=\"noopener noreferrer nofollow\" class=\"wd-social-icon social-instagram\" href=\"#\">\n\t\t\t\t\t\t\t\t\t<span class=\"wd-icon\"><\/span>\n\t\t\t\t\t\t\t\t<\/a>\n\t\t\t\t\t\t\t\t\t\t\t\t\t<\/div>\n\t\t\t\t\t<\/div>\n\t\t\t\t\t\t\t<\/div>\n\t\t<\/div>\n\t\t\t\t\t\t<\/div>\n\t\t\t\t<\/div>\n\t\t\t\t\t<\/div>\n\t\t<\/div>\n\t\t\t\t\t<\/div>\n\t\t<\/section>\n\t\t\t\t<\/div>\n\t\t","protected":false},"excerpt":{"rendered":"<p>O n\u00e1s Risus suspendisse a orci penatibus a felis suscipit consectetur vestibulum sodales dui cum ultricies lacus interdum. Za zna\u010dkou<\/p>\n","protected":false},"author":3,"featured_media":0,"parent":0,"menu_order":0,"comment_status":"closed","ping_status":"closed","template":"","meta":{"footnotes":""},"class_list":["post-4400","page","type-page","status-publish","hentry"],"_links":{"self":[{"href":"https:\/\/melifam.sk\/index.php\/wp-json\/wp\/v2\/pages\/4400","targetHints":{"allow":["GET"]}}],"collection":[{"href":"https:\/\/melifam.sk\/index.php\/wp-json\/wp\/v2\/pages"}],"about":[{"href":"https:\/\/melifam.sk\/index.php\/wp-json\/wp\/v2\/types\/page"}],"author":[{"embeddable":true,"href":"https:\/\/melifam.sk\/index.php\/wp-json\/wp\/v2\/users\/3"}],"replies":[{"embeddable":true,"href":"https:\/\/melifam.sk\/index.php\/wp-json\/wp\/v2\/comments?post=4400"}],"version-history":[{"count":4,"href":"https:\/\/melifam.sk\/index.php\/wp-json\/wp\/v2\/pages\/4400\/revisions"}],"predecessor-version":[{"id":8453,"href":"https:\/\/melifam.sk\/index.php\/wp-json\/wp\/v2\/pages\/4400\/revisions\/8453"}],"wp:attachment":[{"href":"https:\/\/melifam.sk\/index.php\/wp-json\/wp\/v2\/media?parent=4400"}],"curies":[{"name":"wp","href":"https:\/\/api.w.org\/{rel}","templated":true}]}}